{"id":18,"date":"2014-09-10T15:19:56","date_gmt":"2014-09-10T22:19:56","guid":{"rendered":"http:\/\/demos.artbees.net\/jupiter5\/innovia\/?page_id=18"},"modified":"2017-11-11T07:52:37","modified_gmt":"2017-11-11T04:52:37","slug":"bodrum-wedding-organization","status":"publish","type":"page","link":"http:\/\/www.bodrumdugunorganizasyon.com\/en\/","title":{"rendered":"BODRUM WEDDING ORGANIZATION"},"content":{"rendered":"<div class=\"wpb-content-wrapper\">[vc_row fullwidth=&#8221;true&#8221; padding=&#8221;0&#8243;][vc_column][mk_image_slideshow images=&#8221;4915,4912,4909,4907&#8243; image_width=&#8221;1200&#8243; image_height=&#8221;400&#8243; animation_speed=&#8221;1430&#8243; slideshow_speed=&#8221;1856&#8243;][\/vc_column][\/vc_row][vc_row fullwidth=&#8221;true&#8221;][vc_column][vc_empty_space height=&#8221;40px&#8221;][mk_fancy_title size=&#8221;18&#8243; margin_bottom=&#8221;5&#8243; font_family=&#8221;none&#8221; align=&#8221;center&#8221;]Event and Wedding planning company based in Bodrum. We design all your unique weddings across Bodrum and Aegean.[\/mk_fancy_title][vc_empty_space height=&#8221;20px&#8221;][\/vc_column][\/vc_row][vc_row fullwidth=&#8221;true&#8221; visibility=&#8221;hidden-dt&#8221;][vc_column][vc_column_text css=&#8221;.vc_custom_1508847536443{margin-bottom: 0px !important;}&#8221;][\/vc_column_text][mk_fancy_title margin_bottom=&#8221;0&#8243; font_family=&#8221;none&#8221; align=&#8221;center&#8221;]<a href=\"https:\/\/www.instagram.com\/istisnaiprojeler\/\" target=\"_blank\" rel=\"noopener\">\u00a0@istisnaiprojeler<\/a>[\/mk_fancy_title][vc_empty_space][vc_separator][\/vc_column][\/vc_row][vc_row fullwidth=&#8221;true&#8221; visibility=&#8221;visible-dt&#8221;][vc_column][vc_column_text css=&#8221;.vc_custom_1507900245280{margin-bottom: 0px !important;}&#8221;][instagram-feed num=9 cols=9][\/vc_column_text][mk_fancy_title margin_bottom=&#8221;0&#8243; font_family=&#8221;none&#8221; align=&#8221;center&#8221;]<a href=\"https:\/\/www.instagram.com\/istisnaiprojeler\/\" target=\"_blank\" rel=\"noopener\">\u00a0@istisnaiprojeler<\/a>[\/mk_fancy_title][vc_empty_space][vc_separator][\/vc_column][\/vc_row]\n<\/div>","protected":false},"excerpt":{"rendered":"<p>[vc_row fullwidth=&#8221;true&#8221; padding=&#8221;0&#8243;][vc_column][mk_image_slideshow images=&#8221;4915,4912,4909,4907&#8243; image_width=&#8221;1200&#8243; image_height=&#8221;400&#8243; animation_speed=&#8221;1430&#8243; slideshow_speed=&#8221;1856&#8243;][\/vc_column][\/vc_row][vc_row fullwidth=&#8221;true&#8221;][vc_column][vc_empty_space height=&#8221;40px&#8221;][mk_fancy_title size=&#8221;18&#8243; margin_bottom=&#8221;5&#8243; font_family=&#8221;none&#8221; align=&#8221;center&#8221;]Event and Wedding planning company based in Bodrum. We design all your unique weddings across Bodrum and Aegean.[\/mk_fancy_title][vc_empty_space height=&#8221;20px&#8221;][\/vc_column][\/vc_row][vc_row fullwidth=&#8221;true&#8221; visibility=&#8221;hidden-dt&#8221;][vc_column][vc_column_text css=&#8221;.vc_custom_1508847536443{margin-bottom: 0px !important;}&#8221;][\/vc_column_text][mk_fancy_title margin_bottom=&#8221;0&#8243; font_family=&#8221;none&#8221; align=&#8221;center&#8221;]\u00a0@istisnaiprojeler[\/mk_fancy_title][vc_empty_space][vc_separator][\/vc_column][\/vc_row][vc_row fullwidth=&#8221;true&#8221; visibility=&#8221;visible-dt&#8221;][vc_column][vc_column_text css=&#8221;.vc_custom_1507900245280{margin-bottom: 0px !important;}&#8221;][instagram-feed num=9 cols=9][\/vc_column_text][mk_fancy_title margin_bottom=&#8221;0&#8243; font_family=&#8221;none&#8221; align=&#8221;center&#8221;]\u00a0@istisnaiprojeler[\/mk_fancy_title][vc_empty_space][vc_separator][\/vc_column][\/vc_row]<\/p>\n","protected":false},"author":1,"featured_media":0,"parent":0,"menu_order":0,"comment_status":"closed","ping_status":"closed","template":"","meta":{"footnotes":""},"class_list":["post-18","page","type-page","status-publish","hentry"],"yoast_head":"<!-- This site is optimized with the Yoast SEO plugin v23.2 - https:\/\/yoast.com\/wordpress\/plugins\/seo\/ -->\n<title>\u0130stisnai Projeler-Bodrum D\u00fc\u011f\u00fcn Organizasyon<\/title>\n<meta name=\"description\" content=\"Istisnai Projeler- Event and Wedding planning company based in Bodrum. We design all your unique weddings across Bodrum and Aegean.\" \/>\n<meta name=\"robots\" content=\"index, follow, max-snippet:-1, max-image-preview:large, max-video-preview:-1\" \/>\n<link rel=\"canonical\" href=\"http:\/\/www.bodrumdugunorganizasyon.com\/\" \/>\n<meta property=\"og:locale\" content=\"en_US\" \/>\n<meta property=\"og:type\" content=\"article\" \/>\n<meta property=\"og:title\" content=\"\u0130stisnai Projeler-Bodrum D\u00fc\u011f\u00fcn Organizasyon\" \/>\n<meta property=\"og:description\" content=\"Istisnai Projeler- Event and Wedding planning company based in Bodrum. We design all your unique weddings across Bodrum and Aegean.\" \/>\n<meta property=\"og:url\" content=\"http:\/\/www.bodrumdugunorganizasyon.com\/\" \/>\n<meta property=\"og:site_name\" content=\"Bodrum D&uuml;\u011f&uuml;n Organizasyon\" \/>\n<meta property=\"article:modified_time\" content=\"2017-11-11T04:52:37+00:00\" \/>\n<meta name=\"twitter:card\" content=\"summary_large_image\" \/>\n<meta name=\"twitter:label1\" content=\"Est. reading time\" \/>\n\t<meta name=\"twitter:data1\" content=\"2 minutes\" \/>\n<script type=\"application\/ld+json\" class=\"yoast-schema-graph\">{\"@context\":\"https:\/\/schema.org\",\"@graph\":[{\"@type\":\"WebPage\",\"@id\":\"http:\/\/www.bodrumdugunorganizasyon.com\/\",\"url\":\"http:\/\/www.bodrumdugunorganizasyon.com\/\",\"name\":\"\u0130stisnai Projeler-Bodrum D\u00fc\u011f\u00fcn Organizasyon\",\"isPartOf\":{\"@id\":\"http:\/\/www.bodrumdugunorganizasyon.com\/#website\"},\"datePublished\":\"2014-09-10T22:19:56+00:00\",\"dateModified\":\"2017-11-11T04:52:37+00:00\",\"description\":\"Istisnai Projeler- Event and Wedding planning company based in Bodrum. We design all your unique weddings across Bodrum and Aegean.\",\"breadcrumb\":{\"@id\":\"http:\/\/www.bodrumdugunorganizasyon.com\/#breadcrumb\"},\"inLanguage\":\"en-US\",\"potentialAction\":[{\"@type\":\"ReadAction\",\"target\":[\"http:\/\/www.bodrumdugunorganizasyon.com\/\"]}]},{\"@type\":\"BreadcrumbList\",\"@id\":\"http:\/\/www.bodrumdugunorganizasyon.com\/#breadcrumb\",\"itemListElement\":[{\"@type\":\"ListItem\",\"position\":1,\"name\":\"Ana sayfa\",\"item\":\"http:\/\/www.bodrumdugunorganizasyon.com\/\"},{\"@type\":\"ListItem\",\"position\":2,\"name\":\"BODRUM D\u00dc\u011e\u00dcN ORGAN\u0130ZASYON\"}]},{\"@type\":\"WebSite\",\"@id\":\"http:\/\/www.bodrumdugunorganizasyon.com\/#website\",\"url\":\"http:\/\/www.bodrumdugunorganizasyon.com\/\",\"name\":\"Bodrum D&uuml;\u011f&uuml;n Organizasyon\",\"description\":\"\u0130stisnai projeler\",\"potentialAction\":[{\"@type\":\"SearchAction\",\"target\":{\"@type\":\"EntryPoint\",\"urlTemplate\":\"http:\/\/www.bodrumdugunorganizasyon.com\/?s={search_term_string}\"},\"query-input\":\"required name=search_term_string\"}],\"inLanguage\":\"en-US\"}]}<\/script>\n<!-- \/ Yoast SEO plugin. -->","yoast_head_json":{"title":"\u0130stisnai Projeler-Bodrum D\u00fc\u011f\u00fcn Organizasyon","description":"Istisnai Projeler- Event and Wedding planning company based in Bodrum. We design all your unique weddings across Bodrum and Aegean.","robots":{"index":"index","follow":"follow","max-snippet":"max-snippet:-1","max-image-preview":"max-image-preview:large","max-video-preview":"max-video-preview:-1"},"canonical":"http:\/\/www.bodrumdugunorganizasyon.com\/","og_locale":"en_US","og_type":"article","og_title":"\u0130stisnai Projeler-Bodrum D\u00fc\u011f\u00fcn Organizasyon","og_description":"Istisnai Projeler- Event and Wedding planning company based in Bodrum. We design all your unique weddings across Bodrum and Aegean.","og_url":"http:\/\/www.bodrumdugunorganizasyon.com\/","og_site_name":"Bodrum D&uuml;\u011f&uuml;n Organizasyon","article_modified_time":"2017-11-11T04:52:37+00:00","twitter_card":"summary_large_image","twitter_misc":{"Est. reading time":"2 minutes"},"schema":{"@context":"https:\/\/schema.org","@graph":[{"@type":"WebPage","@id":"http:\/\/www.bodrumdugunorganizasyon.com\/","url":"http:\/\/www.bodrumdugunorganizasyon.com\/","name":"\u0130stisnai Projeler-Bodrum D\u00fc\u011f\u00fcn Organizasyon","isPartOf":{"@id":"http:\/\/www.bodrumdugunorganizasyon.com\/#website"},"datePublished":"2014-09-10T22:19:56+00:00","dateModified":"2017-11-11T04:52:37+00:00","description":"Istisnai Projeler- Event and Wedding planning company based in Bodrum. We design all your unique weddings across Bodrum and Aegean.","breadcrumb":{"@id":"http:\/\/www.bodrumdugunorganizasyon.com\/#breadcrumb"},"inLanguage":"en-US","potentialAction":[{"@type":"ReadAction","target":["http:\/\/www.bodrumdugunorganizasyon.com\/"]}]},{"@type":"BreadcrumbList","@id":"http:\/\/www.bodrumdugunorganizasyon.com\/#breadcrumb","itemListElement":[{"@type":"ListItem","position":1,"name":"Ana sayfa","item":"http:\/\/www.bodrumdugunorganizasyon.com\/"},{"@type":"ListItem","position":2,"name":"BODRUM D\u00dc\u011e\u00dcN ORGAN\u0130ZASYON"}]},{"@type":"WebSite","@id":"http:\/\/www.bodrumdugunorganizasyon.com\/#website","url":"http:\/\/www.bodrumdugunorganizasyon.com\/","name":"Bodrum D&uuml;\u011f&uuml;n Organizasyon","description":"\u0130stisnai projeler","potentialAction":[{"@type":"SearchAction","target":{"@type":"EntryPoint","urlTemplate":"http:\/\/www.bodrumdugunorganizasyon.com\/?s={search_term_string}"},"query-input":"required name=search_term_string"}],"inLanguage":"en-US"}]}},"_links":{"self":[{"href":"http:\/\/www.bodrumdugunorganizasyon.com\/en\/wp-json\/wp\/v2\/pages\/18"}],"collection":[{"href":"http:\/\/www.bodrumdugunorganizasyon.com\/en\/wp-json\/wp\/v2\/pages"}],"about":[{"href":"http:\/\/www.bodrumdugunorganizasyon.com\/en\/wp-json\/wp\/v2\/types\/page"}],"author":[{"embeddable":true,"href":"http:\/\/www.bodrumdugunorganizasyon.com\/en\/wp-json\/wp\/v2\/users\/1"}],"replies":[{"embeddable":true,"href":"http:\/\/www.bodrumdugunorganizasyon.com\/en\/wp-json\/wp\/v2\/comments?post=18"}],"version-history":[{"count":63,"href":"http:\/\/www.bodrumdugunorganizasyon.com\/en\/wp-json\/wp\/v2\/pages\/18\/revisions"}],"predecessor-version":[{"id":5370,"href":"http:\/\/www.bodrumdugunorganizasyon.com\/en\/wp-json\/wp\/v2\/pages\/18\/revisions\/5370"}],"wp:attachment":[{"href":"http:\/\/www.bodrumdugunorganizasyon.com\/en\/wp-json\/wp\/v2\/media?parent=18"}],"curies":[{"name":"wp","href":"https:\/\/api.w.org\/{rel}","templated":true}]}}