{"id":31,"date":"2014-09-10T15:21:32","date_gmt":"2014-09-10T22:21:32","guid":{"rendered":"http:\/\/demos.artbees.net\/jupiter5\/innovia\/?page_id=31"},"modified":"2017-11-16T06:16:15","modified_gmt":"2017-11-16T03:16:15","slug":"iletisim","status":"publish","type":"page","link":"http:\/\/www.bodrumdugunorganizasyon.com\/en\/contacts\/","title":{"rendered":"CONTACTS"},"content":{"rendered":"<div class=\"wpb-content-wrapper\">[vc_row fullwidth=&#8221;true&#8221; attached=&#8221;true&#8221; padding=&#8221;0&#8243;][vc_column][mk_advanced_gmaps latitude=&#8221;37.066760&#8243; longitude=&#8221;27.329644&#8243; address=&#8221;Dibeklihan K\u00fclt\u00fcr Sanat K\u00f6y\u00fc \u00c7ilek Cad, No:46\\2 Yakak\u00f6y\\Ortakent \\BODRUM&#8221; pin_icon=&#8221;http:\/\/www.bodrumdugunorganizasyon.com\/wp-content\/uploads\/2014\/09\/ip-marker.png&#8221; height=&#8221;268&#8243; map_zoom=&#8221;15&#8243; modify_coloring=&#8221;true&#8221; hue=&#8221;#cccccc&#8221; saturation=&#8221;-100&#8243; zoom=&#8221;14&#8243;][\/vc_column][\/vc_row][vc_row][vc_column width=&#8221;1\/12&#8243;][\/vc_column][vc_column width=&#8221;5\/6&#8243; css=&#8221;.vc_custom_1410443524033{padding-top: 90px !important;padding-bottom: 150px !important;}&#8221;][vc_row_inner][vc_column_inner width=&#8221;1\/3&#8243;][mk_fancy_title tag_name=&#8221;h3&#8243; color=&#8221;#393836&#8243; size=&#8221;18&#8243; txt_transform=&#8221;uppercase&#8221; letter_spacing=&#8221;2&#8243; margin_bottom=&#8221;40&#8243; font_family=&#8221;none&#8221;]\n<p style=\"text-align: center;\">contact<\/p>\n<p>&nbsp;<\/p>\n<p><img loading=\"lazy\" decoding=\"async\" class=\"alignnone wp-image-5071 aligncenter\" src=\"http:\/\/www.bodrumdugunorganizasyon.com\/wp-content\/uploads\/2017\/09\/yaprak.png\" alt=\"\" width=\"40\" height=\"42\" \/>[\/mk_fancy_title][vc_column_text css=&#8221;.vc_custom_1510802154288{margin-bottom: 0px !important;}&#8221;]\n<p style=\"text-align: center;\">Mobile: 0 538 491 88 45<\/p>\n<p style=\"text-align: center;\">E-mail:info@istisnaiprojeler.com<\/p>\n<p style=\"text-align: center;\">Address: Dibeklihan K\u00fclt\u00fcr Sanat K\u00f6y\u00fc<br \/>\n\u00c7ilek Cad, No:46\\2, Ortakent\\Bodrum<\/p>\n<p style=\"text-align: center;\">TURKEY<\/p>\n[\/vc_column_text][\/vc_column_inner][vc_column_inner width=&#8221;2\/3&#8243;][\/vc_column_inner][\/vc_row_inner][\/vc_column][vc_column width=&#8221;1\/12&#8243;][\/vc_column][\/vc_row][vc_row][vc_column][vc_empty_space height=&#8221;40px&#8221;][vc_separator][\/vc_column][\/vc_row]\n<\/div>","protected":false},"excerpt":{"rendered":"<p>[vc_row fullwidth=&#8221;true&#8221; attached=&#8221;true&#8221; padding=&#8221;0&#8243;][vc_column][mk_advanced_gmaps latitude=&#8221;37.066760&#8243; longitude=&#8221;27.329644&#8243; address=&#8221;Dibeklihan K\u00fclt\u00fcr Sanat K\u00f6y\u00fc \u00c7ilek Cad, No:46\\2 Yakak\u00f6y\\Ortakent \\BODRUM&#8221; pin_icon=&#8221;http:\/\/www.bodrumdugunorganizasyon.com\/wp-content\/uploads\/2014\/09\/ip-marker.png&#8221; height=&#8221;268&#8243; map_zoom=&#8221;15&#8243; modify_coloring=&#8221;true&#8221; hue=&#8221;#cccccc&#8221; saturation=&#8221;-100&#8243; zoom=&#8221;14&#8243;][\/vc_column][\/vc_row][vc_row][vc_column width=&#8221;1\/12&#8243;][\/vc_column][vc_column width=&#8221;5\/6&#8243; css=&#8221;.vc_custom_1410443524033{padding-top: 90px !important;padding-bottom: 150px !important;}&#8221;][vc_row_inner][vc_column_inner width=&#8221;1\/3&#8243;][mk_fancy_title tag_name=&#8221;h3&#8243; color=&#8221;#393836&#8243; size=&#8221;18&#8243; txt_transform=&#8221;uppercase&#8221; letter_spacing=&#8221;2&#8243; margin_bottom=&#8221;40&#8243; font_family=&#8221;none&#8221;] contact &nbsp; [\/mk_fancy_title][vc_column_text css=&#8221;.vc_custom_1510802154288{margin-bottom: 0px !important;}&#8221;] Mobile: 0 538 491 88 45 E-mail:info@istisnaiprojeler.com Address: Dibeklihan K\u00fclt\u00fcr Sanat K\u00f6y\u00fc [&hellip;]<\/p>\n","protected":false},"author":1,"featured_media":0,"parent":0,"menu_order":0,"comment_status":"open","ping_status":"closed","template":"","meta":{"footnotes":""},"class_list":["post-31","page","type-page","status-publish","hentry"],"yoast_head":"<!-- This site is optimized with the Yoast SEO plugin v23.2 - https:\/\/yoast.com\/wordpress\/plugins\/seo\/ -->\n<title>CONTACTS - Bodrum D&uuml;\u011f&uuml;n Organizasyon<\/title>\n<meta name=\"robots\" content=\"index, follow, max-snippet:-1, max-image-preview:large, max-video-preview:-1\" \/>\n<link rel=\"canonical\" href=\"http:\/\/www.bodrumdugunorganizasyon.com\/en\/contacts\/\" \/>\n<meta property=\"og:locale\" content=\"en_US\" \/>\n<meta property=\"og:type\" content=\"article\" \/>\n<meta property=\"og:title\" content=\"CONTACTS - Bodrum D&uuml;\u011f&uuml;n Organizasyon\" \/>\n<meta property=\"og:description\" content=\"[vc_row fullwidth=&#8221;true&#8221; attached=&#8221;true&#8221; padding=&#8221;0&#8243;][vc_column][mk_advanced_gmaps latitude=&#8221;37.066760&#8243; longitude=&#8221;27.329644&#8243; address=&#8221;Dibeklihan K\u00fclt\u00fcr Sanat K\u00f6y\u00fc \u00c7ilek Cad, No:462 Yakak\u00f6yOrtakent BODRUM&#8221; pin_icon=&#8221;http:\/\/www.bodrumdugunorganizasyon.com\/wp-content\/uploads\/2014\/09\/ip-marker.png&#8221; height=&#8221;268&#8243; map_zoom=&#8221;15&#8243; modify_coloring=&#8221;true&#8221; hue=&#8221;#cccccc&#8221; saturation=&#8221;-100&#8243; zoom=&#8221;14&#8243;][\/vc_column][\/vc_row][vc_row][vc_column width=&#8221;1\/12&#8243;][\/vc_column][vc_column width=&#8221;5\/6&#8243; css=&#8221;.vc_custom_1410443524033{padding-top: 90px !important;padding-bottom: 150px !important;}&#8221;][vc_row_inner][vc_column_inner width=&#8221;1\/3&#8243;][mk_fancy_title tag_name=&#8221;h3&#8243; color=&#8221;#393836&#8243; size=&#8221;18&#8243; txt_transform=&#8221;uppercase&#8221; letter_spacing=&#8221;2&#8243; margin_bottom=&#8221;40&#8243; font_family=&#8221;none&#8221;] contact &nbsp; [\/mk_fancy_title][vc_column_text css=&#8221;.vc_custom_1510802154288{margin-bottom: 0px !important;}&#8221;] Mobile: 0 538 491 88 45 E-mail:info@istisnaiprojeler.com Address: Dibeklihan K\u00fclt\u00fcr Sanat K\u00f6y\u00fc [&hellip;]\" \/>\n<meta property=\"og:url\" content=\"http:\/\/www.bodrumdugunorganizasyon.com\/en\/contacts\/\" \/>\n<meta property=\"og:site_name\" content=\"Bodrum D&uuml;\u011f&uuml;n Organizasyon\" \/>\n<meta property=\"article:modified_time\" content=\"2017-11-16T03:16:15+00:00\" \/>\n<meta property=\"og:image\" content=\"http:\/\/www.bodrumdugunorganizasyon.com\/wp-content\/uploads\/2017\/09\/yaprak.png\" \/>\n<meta name=\"twitter:card\" content=\"summary_large_image\" \/>\n<meta name=\"twitter:label1\" content=\"Est. reading time\" \/>\n\t<meta name=\"twitter:data1\" content=\"2 minutes\" \/>\n<script type=\"application\/ld+json\" class=\"yoast-schema-graph\">{\"@context\":\"https:\/\/schema.org\",\"@graph\":[{\"@type\":\"WebPage\",\"@id\":\"http:\/\/www.bodrumdugunorganizasyon.com\/en\/contacts\/\",\"url\":\"http:\/\/www.bodrumdugunorganizasyon.com\/en\/contacts\/\",\"name\":\"CONTACTS - Bodrum D&uuml;\u011f&uuml;n Organizasyon\",\"isPartOf\":{\"@id\":\"http:\/\/www.bodrumdugunorganizasyon.com\/#website\"},\"primaryImageOfPage\":{\"@id\":\"http:\/\/www.bodrumdugunorganizasyon.com\/en\/contacts\/#primaryimage\"},\"image\":{\"@id\":\"http:\/\/www.bodrumdugunorganizasyon.com\/en\/contacts\/#primaryimage\"},\"thumbnailUrl\":\"http:\/\/www.bodrumdugunorganizasyon.com\/wp-content\/uploads\/2017\/09\/yaprak.png\",\"datePublished\":\"2014-09-10T22:21:32+00:00\",\"dateModified\":\"2017-11-16T03:16:15+00:00\",\"breadcrumb\":{\"@id\":\"http:\/\/www.bodrumdugunorganizasyon.com\/en\/contacts\/#breadcrumb\"},\"inLanguage\":\"en-US\",\"potentialAction\":[{\"@type\":\"ReadAction\",\"target\":[\"http:\/\/www.bodrumdugunorganizasyon.com\/en\/contacts\/\"]}]},{\"@type\":\"ImageObject\",\"inLanguage\":\"en-US\",\"@id\":\"http:\/\/www.bodrumdugunorganizasyon.com\/en\/contacts\/#primaryimage\",\"url\":\"http:\/\/www.bodrumdugunorganizasyon.com\/wp-content\/uploads\/2017\/09\/yaprak.png\",\"contentUrl\":\"http:\/\/www.bodrumdugunorganizasyon.com\/wp-content\/uploads\/2017\/09\/yaprak.png\"},{\"@type\":\"BreadcrumbList\",\"@id\":\"http:\/\/www.bodrumdugunorganizasyon.com\/en\/contacts\/#breadcrumb\",\"itemListElement\":[{\"@type\":\"ListItem\",\"position\":1,\"name\":\"Ana sayfa\",\"item\":\"http:\/\/www.bodrumdugunorganizasyon.com\/\"},{\"@type\":\"ListItem\",\"position\":2,\"name\":\"CONTACTS\"}]},{\"@type\":\"WebSite\",\"@id\":\"http:\/\/www.bodrumdugunorganizasyon.com\/#website\",\"url\":\"http:\/\/www.bodrumdugunorganizasyon.com\/\",\"name\":\"Bodrum D&uuml;\u011f&uuml;n Organizasyon\",\"description\":\"\u0130stisnai projeler\",\"potentialAction\":[{\"@type\":\"SearchAction\",\"target\":{\"@type\":\"EntryPoint\",\"urlTemplate\":\"http:\/\/www.bodrumdugunorganizasyon.com\/?s={search_term_string}\"},\"query-input\":\"required name=search_term_string\"}],\"inLanguage\":\"en-US\"}]}<\/script>\n<!-- \/ Yoast SEO plugin. -->","yoast_head_json":{"title":"CONTACTS - Bodrum D&uuml;\u011f&uuml;n Organizasyon","robots":{"index":"index","follow":"follow","max-snippet":"max-snippet:-1","max-image-preview":"max-image-preview:large","max-video-preview":"max-video-preview:-1"},"canonical":"http:\/\/www.bodrumdugunorganizasyon.com\/en\/contacts\/","og_locale":"en_US","og_type":"article","og_title":"CONTACTS - Bodrum D&uuml;\u011f&uuml;n Organizasyon","og_description":"[vc_row fullwidth=&#8221;true&#8221; attached=&#8221;true&#8221; padding=&#8221;0&#8243;][vc_column][mk_advanced_gmaps latitude=&#8221;37.066760&#8243; longitude=&#8221;27.329644&#8243; address=&#8221;Dibeklihan K\u00fclt\u00fcr Sanat K\u00f6y\u00fc \u00c7ilek Cad, No:462 Yakak\u00f6yOrtakent BODRUM&#8221; pin_icon=&#8221;http:\/\/www.bodrumdugunorganizasyon.com\/wp-content\/uploads\/2014\/09\/ip-marker.png&#8221; height=&#8221;268&#8243; map_zoom=&#8221;15&#8243; modify_coloring=&#8221;true&#8221; hue=&#8221;#cccccc&#8221; saturation=&#8221;-100&#8243; zoom=&#8221;14&#8243;][\/vc_column][\/vc_row][vc_row][vc_column width=&#8221;1\/12&#8243;][\/vc_column][vc_column width=&#8221;5\/6&#8243; css=&#8221;.vc_custom_1410443524033{padding-top: 90px !important;padding-bottom: 150px !important;}&#8221;][vc_row_inner][vc_column_inner width=&#8221;1\/3&#8243;][mk_fancy_title tag_name=&#8221;h3&#8243; color=&#8221;#393836&#8243; size=&#8221;18&#8243; txt_transform=&#8221;uppercase&#8221; letter_spacing=&#8221;2&#8243; margin_bottom=&#8221;40&#8243; font_family=&#8221;none&#8221;] contact &nbsp; [\/mk_fancy_title][vc_column_text css=&#8221;.vc_custom_1510802154288{margin-bottom: 0px !important;}&#8221;] Mobile: 0 538 491 88 45 E-mail:info@istisnaiprojeler.com Address: Dibeklihan K\u00fclt\u00fcr Sanat K\u00f6y\u00fc [&hellip;]","og_url":"http:\/\/www.bodrumdugunorganizasyon.com\/en\/contacts\/","og_site_name":"Bodrum D&uuml;\u011f&uuml;n Organizasyon","article_modified_time":"2017-11-16T03:16:15+00:00","og_image":[{"url":"http:\/\/www.bodrumdugunorganizasyon.com\/wp-content\/uploads\/2017\/09\/yaprak.png"}],"twitter_card":"summary_large_image","twitter_misc":{"Est. reading time":"2 minutes"},"schema":{"@context":"https:\/\/schema.org","@graph":[{"@type":"WebPage","@id":"http:\/\/www.bodrumdugunorganizasyon.com\/en\/contacts\/","url":"http:\/\/www.bodrumdugunorganizasyon.com\/en\/contacts\/","name":"CONTACTS - Bodrum D&uuml;\u011f&uuml;n Organizasyon","isPartOf":{"@id":"http:\/\/www.bodrumdugunorganizasyon.com\/#website"},"primaryImageOfPage":{"@id":"http:\/\/www.bodrumdugunorganizasyon.com\/en\/contacts\/#primaryimage"},"image":{"@id":"http:\/\/www.bodrumdugunorganizasyon.com\/en\/contacts\/#primaryimage"},"thumbnailUrl":"http:\/\/www.bodrumdugunorganizasyon.com\/wp-content\/uploads\/2017\/09\/yaprak.png","datePublished":"2014-09-10T22:21:32+00:00","dateModified":"2017-11-16T03:16:15+00:00","breadcrumb":{"@id":"http:\/\/www.bodrumdugunorganizasyon.com\/en\/contacts\/#breadcrumb"},"inLanguage":"en-US","potentialAction":[{"@type":"ReadAction","target":["http:\/\/www.bodrumdugunorganizasyon.com\/en\/contacts\/"]}]},{"@type":"ImageObject","inLanguage":"en-US","@id":"http:\/\/www.bodrumdugunorganizasyon.com\/en\/contacts\/#primaryimage","url":"http:\/\/www.bodrumdugunorganizasyon.com\/wp-content\/uploads\/2017\/09\/yaprak.png","contentUrl":"http:\/\/www.bodrumdugunorganizasyon.com\/wp-content\/uploads\/2017\/09\/yaprak.png"},{"@type":"BreadcrumbList","@id":"http:\/\/www.bodrumdugunorganizasyon.com\/en\/contacts\/#breadcrumb","itemListElement":[{"@type":"ListItem","position":1,"name":"Ana sayfa","item":"http:\/\/www.bodrumdugunorganizasyon.com\/"},{"@type":"ListItem","position":2,"name":"CONTACTS"}]},{"@type":"WebSite","@id":"http:\/\/www.bodrumdugunorganizasyon.com\/#website","url":"http:\/\/www.bodrumdugunorganizasyon.com\/","name":"Bodrum D&uuml;\u011f&uuml;n Organizasyon","description":"\u0130stisnai projeler","potentialAction":[{"@type":"SearchAction","target":{"@type":"EntryPoint","urlTemplate":"http:\/\/www.bodrumdugunorganizasyon.com\/?s={search_term_string}"},"query-input":"required name=search_term_string"}],"inLanguage":"en-US"}]}},"_links":{"self":[{"href":"http:\/\/www.bodrumdugunorganizasyon.com\/en\/wp-json\/wp\/v2\/pages\/31"}],"collection":[{"href":"http:\/\/www.bodrumdugunorganizasyon.com\/en\/wp-json\/wp\/v2\/pages"}],"about":[{"href":"http:\/\/www.bodrumdugunorganizasyon.com\/en\/wp-json\/wp\/v2\/types\/page"}],"author":[{"embeddable":true,"href":"http:\/\/www.bodrumdugunorganizasyon.com\/en\/wp-json\/wp\/v2\/users\/1"}],"replies":[{"embeddable":true,"href":"http:\/\/www.bodrumdugunorganizasyon.com\/en\/wp-json\/wp\/v2\/comments?post=31"}],"version-history":[{"count":44,"href":"http:\/\/www.bodrumdugunorganizasyon.com\/en\/wp-json\/wp\/v2\/pages\/31\/revisions"}],"predecessor-version":[{"id":5426,"href":"http:\/\/www.bodrumdugunorganizasyon.com\/en\/wp-json\/wp\/v2\/pages\/31\/revisions\/5426"}],"wp:attachment":[{"href":"http:\/\/www.bodrumdugunorganizasyon.com\/en\/wp-json\/wp\/v2\/media?parent=31"}],"curies":[{"name":"wp","href":"https:\/\/api.w.org\/{rel}","templated":true}]}}